{"id":1122,"date":"2024-10-30T15:45:07","date_gmt":"2024-10-30T14:45:07","guid":{"rendered":"https:\/\/vomreiseninsglueck.de\/reiseblog-english\/"},"modified":"2024-10-30T18:19:46","modified_gmt":"2024-10-30T17:19:46","slug":"reiseblog-english","status":"publish","type":"page","link":"https:\/\/vomreiseninsglueck.de\/en\/reiseblog-english\/","title":{"rendered":"Reiseblog"},"content":{"rendered":"<section class=\"bde-section-1122-100 bde-section\">\n              \n  \n  \n\t\n  <div class=\"breakdance-swiper-wrapper section-background-slideshow\">\n    <div class=\"swiper\">\n      <!-- Additional required wrapper -->\n      <div class=\"swiper-wrapper\">\n        <!-- Slides -->\n                  <div class=\"swiper-slide\">\n            <div class=\"swiper-slide-item\" style=\"background-image: url(https:\/\/vomreiseninsglueck.de\/wp-content\/uploads\/2023\/08\/DJI_0054-scaled.jpg);\"><\/div>\n          <\/div>\n                  <div class=\"swiper-slide\">\n            <div class=\"swiper-slide-item\" style=\"background-image: url(https:\/\/vomreiseninsglueck.de\/wp-content\/uploads\/2023\/08\/DJI_0139-scaled.jpg);\"><\/div>\n          <\/div>\n                  <div class=\"swiper-slide\">\n            <div class=\"swiper-slide-item\" style=\"background-image: url(https:\/\/vomreiseninsglueck.de\/wp-content\/uploads\/2023\/08\/DJI_0501-scaled.jpg);\"><\/div>\n          <\/div>\n                  <div class=\"swiper-slide\">\n            <div class=\"swiper-slide-item\" style=\"background-image: url(https:\/\/vomreiseninsglueck.de\/wp-content\/uploads\/2023\/08\/DSC00461-2.jpg);\"><\/div>\n          <\/div>\n              <\/div>\n    <\/div>\n  <\/div>\n\n\n\n<div class=\"section-container\"><div class=\"bde-div-1122-101 bde-div\">\n  \n  \n\t\n\n\n\n<div class=\"bde-columns-1122-102 bde-columns\"><div class=\"bde-column-1122-103 bde-column\">\n  \n  \n\t\n\n\n\n<h2 class=\"bde-heading-1122-104 bde-heading\" data-entrance=\"slideUp\">\nTravel\n<\/h2>\n<\/div><div class=\"bde-column-1122-105 bde-column\">\n  \n  \n\t\n\n\n\n<h2 class=\"bde-heading-1122-106 bde-heading\" data-entrance=\"slideUp\">\nAdventure\n<\/h2>\n<\/div><div class=\"bde-column-1122-107 bde-column\">\n  \n  \n\t\n\n\n\n<h2 class=\"bde-heading-1122-108 bde-heading\" data-entrance=\"slideUp\">\nInspiration                      \n<\/h2>\n<\/div><\/div>\n<\/div><\/div>\n<\/section><section class=\"bde-section-1122-109 bde-section\">\n  \n  \n\t\n\n\n\n        <div class=\"section-shape-divider-wrapper section-shape-divider-wrapper--1\">\n          <span class=\"section-shape-divider\">\n                      <svg\n                xmlns=\"http:\/\/www.w3.org\/2000\/svg\"\n                viewbox=\"0 0 1440 320\"\n                preserveaspectratio=\"none\"\n            >\n              <path fill=\"currentColor\" fill-opacity=\"1\" d=\"M0,96L30,106.7C60,117,120,139,180,133.3C240,128,300,96,360,80C420,64,480,64,540,101.3C600,139,660,213,720,240C780,267,840,245,900,245.3C960,245,1020,267,1080,250.7C1140,235,1200,181,1260,176C1320,171,1380,213,1410,234.7L1440,256L1440,320L1410,320C1380,320,1320,320,1260,320C1200,320,1140,320,1080,320C1020,320,960,320,900,320C840,320,780,320,720,320C660,320,600,320,540,320C480,320,420,320,360,320C300,320,240,320,180,320C120,320,60,320,30,320L0,320Z\"><\/path>\n            <\/svg>\n                    <\/span>\n      <\/div>\n  <div class=\"section-container\"><div class=\"bde-columns-1122-110 bde-columns\"><div class=\"bde-column-1122-111 bde-column\">\n  \n  \n\t\n\n\n\n<div class=\"bde-image-1122-112 bde-image\" data-entrance=\"slideLeft\">\n<figure class=\"breakdance-image breakdance-image--800\">\n\t<div class=\"breakdance-image-container\">\n\t\t<div class=\"breakdance-image-clip\"><img loading=\"lazy\" decoding=\"async\" class=\"breakdance-image-object\" src=\"https:\/\/vomreiseninsglueck.de\/wp-content\/uploads\/2023\/01\/PSX_20211011_100222-1024x985-min.jpeg\" width=\"1024\" height=\"985\" srcset=\"https:\/\/vomreiseninsglueck.de\/wp-content\/uploads\/2023\/01\/PSX_20211011_100222-1024x985-min.jpeg 1024w, https:\/\/vomreiseninsglueck.de\/wp-content\/uploads\/2023\/01\/PSX_20211011_100222-1024x985-min-300x289.jpeg 300w, https:\/\/vomreiseninsglueck.de\/wp-content\/uploads\/2023\/01\/PSX_20211011_100222-1024x985-min-768x739.jpeg 768w\" sizes=\"auto, (max-width: 1024px) 100vw, 1024px\" alt=\"Franziska Wiesheu\" title=\"\"><\/div>\n\t<\/div><\/figure>\n\n<\/div>\n<\/div><div class=\"bde-column-1122-113 bde-column\">\n  \n  \n\t\n\n\n\n<div class=\"bde-text-1122-114 bde-text\" data-entrance=\"slideRight\">\nIch bin Franzi und teile hier auf meinem Reiseblog meine Abenteuer in ferne L\u00e4nder mit dir.<br><br>Ich Laufe der Zeit werde ich noch ganz viele Reiseberichte & -tipps f\u00fcr dich schreiben.<br><br>Ich nehme dich mit auf meine Reisen und zeige dir auch, wie man noch komfortabler reisen kann. Du willst doch sicher auch ab und zu mal Business Class fliegen, oder? Wie das relativ g\u00fcnstig geht, erkl\u00e4re ich dir nat\u00fcrlich auch.\n<\/div><div class=\"bde-button-1122-115 bde-button\" data-entrance=\"slideRight\">\n    \n                                    \n    \n    \n    \n    \n            \n                    \n            \n            \n\n    \n    \n    \n    \n    \n    <a class=\"breakdance-link button-atom button-atom--text bde-button__button\" href=\"https:\/\/vomreiseninsglueck.de\/en\/das-bin-ich\/\" target=\"_self\" data-type=\"url\"  >\n\n    \n        <span class=\"button-atom__text\">Hier erf\u00e4hrst du mehr \u00fcber mich<\/span>\n\n        \n                    \n    <span class=\"button-atom__icon-wrapper\">\n\n        \n            <svg class=\"un-arrow-icon\" width=\"10\" height=\"10\" viewbox=\"0 0 10 10\" aria-hidden=\"true\">\n                <g fill-rule=\"evenodd\">\n                    <path class=\"un-arrow-icon_arrow\" d=\"M1 1l4 4-4 4\"><\/path>\n                <\/g>\n            <\/svg>\n\n        \n    <\/span>\n\n\n        \n                <\/a>\n\n    \n\n\n<\/div><div class=\"bde-text-1122-116 bde-text\" data-entrance=\"slideRight\">\nAuf der Karte unten siehst du, welche L\u00e4nder ich schon bereist habe. Und ich sehe f\u00fcr meine Urlaubsplanung in welchen L\u00e4ndern ich noch nicht war.\n<\/div>\n<\/div><\/div><\/div>\n<\/section>","protected":false},"excerpt":{"rendered":"<p>Travel Adventure Inspiration Ich bin Franzi und teile hier auf meinem Reiseblog meine Abenteuer in ferne L\u00e4nder mit dir.Ich Laufe der Zeit werde ich noch ganz viele Reiseberichte &#038; -tipps f\u00fcr dich schreiben.Ich nehme dich mit auf meine Reisen und zeige dir auch, wie man noch komfortabler reisen kann. Du willst doch sicher auch ab [&hellip;]<\/p>","protected":false},"author":1,"featured_media":0,"parent":0,"menu_order":0,"comment_status":"closed","ping_status":"closed","template":"","meta":{"_breakdance_hide_in_design_set":false,"_breakdance_tags":"","footnotes":""},"class_list":["post-1122","page","type-page","status-publish","hentry"],"_links":{"self":[{"href":"https:\/\/vomreiseninsglueck.de\/en\/wp-json\/wp\/v2\/pages\/1122","targetHints":{"allow":["GET"]}}],"collection":[{"href":"https:\/\/vomreiseninsglueck.de\/en\/wp-json\/wp\/v2\/pages"}],"about":[{"href":"https:\/\/vomreiseninsglueck.de\/en\/wp-json\/wp\/v2\/types\/page"}],"author":[{"embeddable":true,"href":"https:\/\/vomreiseninsglueck.de\/en\/wp-json\/wp\/v2\/users\/1"}],"replies":[{"embeddable":true,"href":"https:\/\/vomreiseninsglueck.de\/en\/wp-json\/wp\/v2\/comments?post=1122"}],"version-history":[{"count":6,"href":"https:\/\/vomreiseninsglueck.de\/en\/wp-json\/wp\/v2\/pages\/1122\/revisions"}],"predecessor-version":[{"id":1136,"href":"https:\/\/vomreiseninsglueck.de\/en\/wp-json\/wp\/v2\/pages\/1122\/revisions\/1136"}],"wp:attachment":[{"href":"https:\/\/vomreiseninsglueck.de\/en\/wp-json\/wp\/v2\/media?parent=1122"}],"curies":[{"name":"wp","href":"https:\/\/api.w.org\/{rel}","templated":true}]}}